{"id":1988,"date":"2024-02-14T16:49:21","date_gmt":"2024-02-14T15:49:21","guid":{"rendered":"https:\/\/campus.winyourstar.com\/trainings-members\/"},"modified":"2025-05-14T10:56:15","modified_gmt":"2025-05-14T09:56:15","slug":"trainings-members","status":"publish","type":"page","link":"https:\/\/campus.winyourstar.com\/en\/trainings-members\/","title":{"rendered":"Trainings- Members"},"content":{"rendered":"\n<h2 class=\"wp-block-heading has-text-align-center has-title-lg-font-size\">Trainings<\/h2>\n<div class=\"wp-block-image\">\n<figure class=\"aligncenter size-full is-resized\"><img decoding=\"async\" src=\"https:\/\/winyourstar.com\/wp-content\/uploads\/2023\/07\/image.png\" alt=\"line\" class=\"wp-image-4960\" style=\"width:303px;height:auto\"\/><\/figure><\/div>\n<div style=\"height:25px\" aria-hidden=\"true\" class=\"wp-block-spacer\"><\/div>\n\n<h2 class=\"wp-block-heading has-text-align-center\">Available, optional trainings<\/h2>\n<div class=\"archive-result row justify-content-center\">\n            <div class=\"col-md-4\">\n            <div class=\"block-card\">\n    <a href=\"https:\/\/campus.winyourstar.com\/formation\/enneagramme-wys-niveau-1\/\">\n        <figure class=\"card-image--curve\">\n            <img decoding=\"async\" class=\"card-image\" src=\"https:\/\/campus.winyourstar.com\/wp-content\/uploads\/2024\/01\/enneagramme-365x210-c-default.jpg\" alt=\"\">\n        <\/figure>\n    <\/a>\n    <div class=\"block-card-content has-white-background-color\">\n        <h2 class=\"d-block has-title-sm-font-size has-text-align-center\">Enn\u00e9agramme WYS Niveau 1<\/h2>\n\n        <div class=\"block-underline\">\n            <img decoding=\"async\" src=\"https:\/\/campus.winyourstar.com\/wp-content\/themes\/theme-newwinyourstar\/dist\/images\/line_xs_blue.svg\">\n        <\/div>\n\n        <span class=\"d-block has-little-cap-font-size has-yellow-color has-text-align-center card-formation-wholabel\">What for ?<\/span>\n        <div class=\"has-text-align-center card-formation-who\">Toute personne souhaitant comprendre l&#8217;Enn\u00e9agramme, analyser les parties de jeu et d\u00e9couvrir les profils de personnalit\u00e9<\/div>\n\n        <div class=\"block_button block_button--normal has-text-align-center\">\n            <a class=\"block_button-link\" href=\"https:\/\/campus.winyourstar.com\/formation\/enneagramme-wys-niveau-1\/\">Discover<\/a>\n        <\/div>\n    <\/div>\n<\/div>\n\n        <\/div>\n            <div class=\"col-md-4\">\n            <div class=\"block-card\">\n    <a href=\"https:\/\/campus.winyourstar.com\/formation\/formateur-en-management\/\">\n        <figure class=\"card-image--curve\">\n            <img decoding=\"async\" class=\"card-image\" src=\"https:\/\/campus.winyourstar.com\/wp-content\/uploads\/2024\/02\/whatsapp-image-2023-05-09-a-112245-365x210-c-default.jpg\" alt=\"\">\n        <\/figure>\n    <\/a>\n    <div class=\"block-card-content has-white-background-color\">\n        <h2 class=\"d-block has-title-sm-font-size has-text-align-center\">Formateur en Management<\/h2>\n\n        <div class=\"block-underline\">\n            <img decoding=\"async\" src=\"https:\/\/campus.winyourstar.com\/wp-content\/themes\/theme-newwinyourstar\/dist\/images\/line_xs_blue.svg\">\n        <\/div>\n\n        <span class=\"d-block has-little-cap-font-size has-yellow-color has-text-align-center card-formation-wholabel\">What for ?<\/span>\n        <div class=\"has-text-align-center card-formation-who\">Pour enseigner dans des \u00e9coles sup\u00e9rieures ou former des managers nouvellement promus<\/div>\n\n        <div class=\"block_button block_button--normal has-text-align-center\">\n            <a class=\"block_button-link\" href=\"https:\/\/campus.winyourstar.com\/formation\/formateur-en-management\/\">Discover<\/a>\n        <\/div>\n    <\/div>\n<\/div>\n\n        <\/div>\n    <\/div>\n<p><\/p>\n","protected":false},"excerpt":{"rendered":"<p>Trainings Available, optional trainings<\/p>\n","protected":false},"author":1,"featured_media":0,"parent":0,"menu_order":0,"comment_status":"closed","ping_status":"closed","template":"","meta":{"footnotes":""},"folder":[],"class_list":["post-1988","page","type-page","status-publish","hentry"],"acf":[],"yoast_head":"<!-- This site is optimized with the Yoast SEO plugin v24.5 - https:\/\/yoast.com\/wordpress\/plugins\/seo\/ -->\n<title>Trainings- Members - WinYourStar - R\u00e9seau<\/title>\n<meta name=\"robots\" content=\"index, follow, max-snippet:-1, max-image-preview:large, max-video-preview:-1\" \/>\n<link rel=\"canonical\" href=\"https:\/\/campus.winyourstar.com\/en\/trainings-members\/\" \/>\n<meta property=\"og:locale\" content=\"en_US\" \/>\n<meta property=\"og:type\" content=\"article\" \/>\n<meta property=\"og:title\" content=\"Trainings- Members - WinYourStar - R\u00e9seau\" \/>\n<meta property=\"og:description\" content=\"Trainings Available, optional trainings\" \/>\n<meta property=\"og:url\" content=\"https:\/\/campus.winyourstar.com\/en\/trainings-members\/\" \/>\n<meta property=\"og:site_name\" content=\"WinYourStar - R\u00e9seau\" \/>\n<meta property=\"article:modified_time\" content=\"2025-05-14T09:56:15+00:00\" \/>\n<meta property=\"og:image\" content=\"https:\/\/winyourstar.com\/wp-content\/uploads\/2023\/07\/image.png\" \/>\n<meta name=\"twitter:card\" content=\"summary_large_image\" \/>\n<script type=\"application\/ld+json\" class=\"yoast-schema-graph\">{\"@context\":\"https:\/\/schema.org\",\"@graph\":[{\"@type\":\"WebPage\",\"@id\":\"https:\/\/campus.winyourstar.com\/en\/trainings-members\/\",\"url\":\"https:\/\/campus.winyourstar.com\/en\/trainings-members\/\",\"name\":\"Trainings- Members - WinYourStar - R\u00e9seau\",\"isPartOf\":{\"@id\":\"https:\/\/campus.winyourstar.com\/en\/#website\"},\"primaryImageOfPage\":{\"@id\":\"https:\/\/campus.winyourstar.com\/en\/trainings-members\/#primaryimage\"},\"image\":{\"@id\":\"https:\/\/campus.winyourstar.com\/en\/trainings-members\/#primaryimage\"},\"thumbnailUrl\":\"https:\/\/winyourstar.com\/wp-content\/uploads\/2023\/07\/image.png\",\"datePublished\":\"2024-02-14T15:49:21+00:00\",\"dateModified\":\"2025-05-14T09:56:15+00:00\",\"breadcrumb\":{\"@id\":\"https:\/\/campus.winyourstar.com\/en\/trainings-members\/#breadcrumb\"},\"inLanguage\":\"en-US\",\"potentialAction\":[{\"@type\":\"ReadAction\",\"target\":[\"https:\/\/campus.winyourstar.com\/en\/trainings-members\/\"]}]},{\"@type\":\"ImageObject\",\"inLanguage\":\"en-US\",\"@id\":\"https:\/\/campus.winyourstar.com\/en\/trainings-members\/#primaryimage\",\"url\":\"https:\/\/winyourstar.com\/wp-content\/uploads\/2023\/07\/image.png\",\"contentUrl\":\"https:\/\/winyourstar.com\/wp-content\/uploads\/2023\/07\/image.png\"},{\"@type\":\"BreadcrumbList\",\"@id\":\"https:\/\/campus.winyourstar.com\/en\/trainings-members\/#breadcrumb\",\"itemListElement\":[{\"@type\":\"ListItem\",\"position\":1,\"name\":\"Accueil\",\"item\":\"https:\/\/campus.winyourstar.com\/en\/\"},{\"@type\":\"ListItem\",\"position\":2,\"name\":\"Trainings- Members\"}]},{\"@type\":\"WebSite\",\"@id\":\"https:\/\/campus.winyourstar.com\/en\/#website\",\"url\":\"https:\/\/campus.winyourstar.com\/en\/\",\"name\":\"WinYourStar - R\u00e9seau\",\"description\":\"\",\"potentialAction\":[{\"@type\":\"SearchAction\",\"target\":{\"@type\":\"EntryPoint\",\"urlTemplate\":\"https:\/\/campus.winyourstar.com\/en\/?s={search_term_string}\"},\"query-input\":{\"@type\":\"PropertyValueSpecification\",\"valueRequired\":true,\"valueName\":\"search_term_string\"}}],\"inLanguage\":\"en-US\"}]}<\/script>\n<!-- \/ Yoast SEO plugin. -->","yoast_head_json":{"title":"Trainings- Members - WinYourStar - R\u00e9seau","robots":{"index":"index","follow":"follow","max-snippet":"max-snippet:-1","max-image-preview":"max-image-preview:large","max-video-preview":"max-video-preview:-1"},"canonical":"https:\/\/campus.winyourstar.com\/en\/trainings-members\/","og_locale":"en_US","og_type":"article","og_title":"Trainings- Members - WinYourStar - R\u00e9seau","og_description":"Trainings Available, optional trainings","og_url":"https:\/\/campus.winyourstar.com\/en\/trainings-members\/","og_site_name":"WinYourStar - R\u00e9seau","article_modified_time":"2025-05-14T09:56:15+00:00","og_image":[{"url":"https:\/\/winyourstar.com\/wp-content\/uploads\/2023\/07\/image.png","type":"","width":"","height":""}],"twitter_card":"summary_large_image","schema":{"@context":"https:\/\/schema.org","@graph":[{"@type":"WebPage","@id":"https:\/\/campus.winyourstar.com\/en\/trainings-members\/","url":"https:\/\/campus.winyourstar.com\/en\/trainings-members\/","name":"Trainings- Members - WinYourStar - R\u00e9seau","isPartOf":{"@id":"https:\/\/campus.winyourstar.com\/en\/#website"},"primaryImageOfPage":{"@id":"https:\/\/campus.winyourstar.com\/en\/trainings-members\/#primaryimage"},"image":{"@id":"https:\/\/campus.winyourstar.com\/en\/trainings-members\/#primaryimage"},"thumbnailUrl":"https:\/\/winyourstar.com\/wp-content\/uploads\/2023\/07\/image.png","datePublished":"2024-02-14T15:49:21+00:00","dateModified":"2025-05-14T09:56:15+00:00","breadcrumb":{"@id":"https:\/\/campus.winyourstar.com\/en\/trainings-members\/#breadcrumb"},"inLanguage":"en-US","potentialAction":[{"@type":"ReadAction","target":["https:\/\/campus.winyourstar.com\/en\/trainings-members\/"]}]},{"@type":"ImageObject","inLanguage":"en-US","@id":"https:\/\/campus.winyourstar.com\/en\/trainings-members\/#primaryimage","url":"https:\/\/winyourstar.com\/wp-content\/uploads\/2023\/07\/image.png","contentUrl":"https:\/\/winyourstar.com\/wp-content\/uploads\/2023\/07\/image.png"},{"@type":"BreadcrumbList","@id":"https:\/\/campus.winyourstar.com\/en\/trainings-members\/#breadcrumb","itemListElement":[{"@type":"ListItem","position":1,"name":"Accueil","item":"https:\/\/campus.winyourstar.com\/en\/"},{"@type":"ListItem","position":2,"name":"Trainings- Members"}]},{"@type":"WebSite","@id":"https:\/\/campus.winyourstar.com\/en\/#website","url":"https:\/\/campus.winyourstar.com\/en\/","name":"WinYourStar - R\u00e9seau","description":"","potentialAction":[{"@type":"SearchAction","target":{"@type":"EntryPoint","urlTemplate":"https:\/\/campus.winyourstar.com\/en\/?s={search_term_string}"},"query-input":{"@type":"PropertyValueSpecification","valueRequired":true,"valueName":"search_term_string"}}],"inLanguage":"en-US"}]}},"_links":{"self":[{"href":"https:\/\/campus.winyourstar.com\/en\/wp-json\/wp\/v2\/pages\/1988","targetHints":{"allow":["GET"]}}],"collection":[{"href":"https:\/\/campus.winyourstar.com\/en\/wp-json\/wp\/v2\/pages"}],"about":[{"href":"https:\/\/campus.winyourstar.com\/en\/wp-json\/wp\/v2\/types\/page"}],"author":[{"embeddable":true,"href":"https:\/\/campus.winyourstar.com\/en\/wp-json\/wp\/v2\/users\/1"}],"replies":[{"embeddable":true,"href":"https:\/\/campus.winyourstar.com\/en\/wp-json\/wp\/v2\/comments?post=1988"}],"version-history":[{"count":1,"href":"https:\/\/campus.winyourstar.com\/en\/wp-json\/wp\/v2\/pages\/1988\/revisions"}],"predecessor-version":[{"id":1989,"href":"https:\/\/campus.winyourstar.com\/en\/wp-json\/wp\/v2\/pages\/1988\/revisions\/1989"}],"wp:attachment":[{"href":"https:\/\/campus.winyourstar.com\/en\/wp-json\/wp\/v2\/media?parent=1988"}],"wp:term":[{"taxonomy":"folder","embeddable":true,"href":"https:\/\/campus.winyourstar.com\/en\/wp-json\/wp\/v2\/folder?post=1988"}],"curies":[{"name":"wp","href":"https:\/\/api.w.org\/{rel}","templated":true}]}}