{"id":1977,"date":"2024-01-26T11:48:51","date_gmt":"2024-01-26T10:48:51","guid":{"rendered":"https:\/\/campus.winyourstar.com\/home\/"},"modified":"2025-06-16T09:12:41","modified_gmt":"2025-06-16T08:12:41","slug":"home","status":"publish","type":"page","link":"https:\/\/campus.winyourstar.com\/en\/","title":{"rendered":"Home"},"content":{"rendered":"\n<h2 class=\"wp-block-heading has-text-align-left has-blue-color has-text-color has-link-color has-title-lg-font-size wp-elements-d0e98a719ba5c10324c157111ed1b33e\" style=\"font-style:normal;font-weight:600\">Welcome to the Win Your Star community !<\/h2>\n\n<div style=\"height:63px\" aria-hidden=\"true\" class=\"wp-block-spacer\"><\/div>\n\n<figure class=\"wp-block-image alignwide size-large\"><img fetchpriority=\"high\" decoding=\"async\" width=\"1024\" height=\"511\" src=\"https:\/\/campus.winyourstar.com\/wp-content\/uploads\/2024\/02\/img-8527-1024x511.png\" alt=\"\" class=\"wp-image-836\" srcset=\"https:\/\/campus.winyourstar.com\/wp-content\/uploads\/2024\/02\/img-8527-1024x511.png 1024w, https:\/\/campus.winyourstar.com\/wp-content\/uploads\/2024\/02\/img-8527-300x150.png 300w, https:\/\/campus.winyourstar.com\/wp-content\/uploads\/2024\/02\/img-8527-768x383.png 768w, https:\/\/campus.winyourstar.com\/wp-content\/uploads\/2024\/02\/img-8527-1536x766.png 1536w, https:\/\/campus.winyourstar.com\/wp-content\/uploads\/2024\/02\/img-8527-2048x1022.png 2048w\" sizes=\"(max-width: 1024px) 100vw, 1024px\" \/><\/figure>\n<p class=\"has-title-xs-font-size\">We are <strong>professionals <\/strong>in support and guidance. <\/p>\n\n<p class=\"has-title-xs-font-size\">Our areas of expertise are:<\/p>\n\n<ul class=\"wp-block-list\">\n<li class=\"has-title-xs-font-size\">Emotional management<\/li>\n\n\n\n<li class=\"has-title-xs-font-size\">Communication<\/li>\n\n\n\n<li class=\"has-title-xs-font-size\">Behavioral approach<\/li>\n<\/ul>\n\n<p class=\"has-title-xs-font-size\">We have created and use a 9-question <strong>method <\/strong>that allows individuals to discover their <strong>Enneagram <\/strong>personality profile.<\/p>\n\n<div style=\"height:20px\" aria-hidden=\"true\" class=\"wp-block-spacer\"><\/div>\n\n<div class=\"wp-block-group alignfull has-grey-light-background-color has-background\"><div class=\"wp-block-group__inner-container is-layout-constrained wp-block-group-is-layout-constrained\">\n<div class=\"wp-block-columns is-layout-flex wp-container-core-columns-is-layout-1 wp-block-columns-is-layout-flex\">\n<div class=\"wp-block-column is-layout-flow wp-block-column-is-layout-flow\">\n<p class=\"has-text-align-center mb-0 has-yellow-color has-text-color has-link-color has-title-xl-font-size wp-elements-728d8758efed36f12a4b322fa144a3fb\">57<\/p>\n\n\n\n<p class=\"has-text-align-center mt-0 has-title-xs-font-size\" style=\"font-style:normal;font-weight:600;text-transform:uppercase\"><strong><strong>Facilitators<\/strong><\/strong><\/p>\n<\/div>\n\n\n\n<div class=\"wp-block-column is-layout-flow wp-block-column-is-layout-flow\">\n<p class=\"has-text-align-center mb-0 has-yellow-color has-text-color has-link-color has-title-xl-font-size wp-elements-544718472346e1b076648eb85f8f984b\">4 500<\/p>\n\n\n\n<p class=\"has-text-align-center mt-0 has-title-xs-font-size\" style=\"font-style:normal;font-weight:600;text-transform:uppercase\"><strong><strong>USERS OF THE GAME<\/strong><\/strong><\/p>\n<\/div>\n\n\n\n<div class=\"wp-block-column is-layout-flow wp-block-column-is-layout-flow\">\n<p class=\"has-text-align-center mb-0 has-yellow-color has-text-color has-link-color has-title-xl-font-size wp-elements-98abd0344d83592a5b37d699d427ccf6\">100%<\/p>\n\n\n\n<p class=\"has-text-align-center mt-0 has-title-xs-font-size\" style=\"text-transform:uppercase\"><strong>OF OUR CLIENTS RECOMMEND US<\/strong><\/p>\n<\/div>\n<\/div>\n<\/div><\/div>\n\n<div style=\"height:35px\" aria-hidden=\"true\" class=\"wp-block-spacer\"><\/div>\n\n<div style=\"height:10px\" aria-hidden=\"true\" class=\"wp-block-spacer\"><\/div>\n\n<h2 class=\"wp-block-heading has-text-align-center has-title-lg-font-size\"><\/h2>\n\n<h2 class=\"wp-block-heading has-text-align-center has-title-lg-font-size\" style=\"font-style:normal;font-weight:400;text-transform:none\">They trusted us<\/h2>\n<div class=\"wp-block-image\">\n<figure class=\"aligncenter size-full\"><img decoding=\"async\" width=\"227\" height=\"15\" src=\"https:\/\/campus.winyourstar.com\/wp-content\/uploads\/2025\/02\/image-1.png\" alt=\"\" class=\"wp-image-1496\"\/><\/figure><\/div>\n<div style=\"height:74px\" aria-hidden=\"true\" class=\"wp-block-spacer\"><\/div>\n<div class=\"block-carousel align\">\n\t\t\t<div class=\"item carousel-item\">\n\t\t\t<img decoding=\"async\" src=\"https:\/\/campus.winyourstar.com\/wp-content\/uploads\/2024\/04\/cci-mayenne-e1711115582928-lbox-400x300-ffffff.jpg\" alt=\"\">\n\t\t<\/div>\n\t\t\t<div class=\"item carousel-item\">\n\t\t\t<img decoding=\"async\" src=\"https:\/\/campus.winyourstar.com\/wp-content\/uploads\/2024\/04\/ccimaineetloire-lbox-400x300-ffffff.jpg\" alt=\"\">\n\t\t<\/div>\n\t\t\t<div class=\"item carousel-item\">\n\t\t\t<img decoding=\"async\" src=\"https:\/\/campus.winyourstar.com\/wp-content\/uploads\/2024\/04\/mayenne-culture-lbox-400x300-ffffff.jpg\" alt=\"\">\n\t\t<\/div>\n\t\t\t<div class=\"item carousel-item\">\n\t\t\t<img decoding=\"async\" src=\"https:\/\/campus.winyourstar.com\/wp-content\/uploads\/2024\/04\/logo-lmt-rvb-couleur-hd-ok-e1711115500624-lbox-400x300-ffffff.jpg\" alt=\"\">\n\t\t<\/div>\n\t\t\t<div class=\"item carousel-item\">\n\t\t\t<img decoding=\"async\" src=\"https:\/\/campus.winyourstar.com\/wp-content\/uploads\/2024\/04\/touillier-e1711115630931-lbox-400x300-ffffff.jpg\" alt=\"\">\n\t\t<\/div>\n\t\t\t<div class=\"item carousel-item\">\n\t\t\t<img decoding=\"async\" src=\"https:\/\/campus.winyourstar.com\/wp-content\/uploads\/2024\/04\/credit-agricole-e1710940066232-lbox-400x300-ffffff.jpg\" alt=\"\">\n\t\t<\/div>\n\t\t\t<div class=\"item carousel-item\">\n\t\t\t<img decoding=\"async\" src=\"https:\/\/campus.winyourstar.com\/wp-content\/uploads\/2024\/04\/ff-handball-e1711115436782-lbox-400x300-ffffff.jpg\" alt=\"\">\n\t\t<\/div>\n\t\t\t<div class=\"item carousel-item\">\n\t\t\t<img decoding=\"async\" src=\"https:\/\/campus.winyourstar.com\/wp-content\/uploads\/2024\/04\/anjou-sport-nature-e1711115905244-lbox-400x300-ffffff.jpg\" alt=\"\">\n\t\t<\/div>\n\t\t\t<div class=\"item carousel-item\">\n\t\t\t<img decoding=\"async\" src=\"https:\/\/campus.winyourstar.com\/wp-content\/uploads\/2024\/04\/befup-creation-e1711115866517-lbox-400x300-ffffff.jpg\" alt=\"\">\n\t\t<\/div>\n\t\t\t<div class=\"item carousel-item\">\n\t\t\t<img decoding=\"async\" src=\"https:\/\/campus.winyourstar.com\/wp-content\/uploads\/2024\/04\/Atelier_verde-e1711115891484-lbox-400x300-ffffff.jpg\" alt=\"\">\n\t\t<\/div>\n\t\t\t<div class=\"item carousel-item\">\n\t\t\t<img decoding=\"async\" src=\"https:\/\/campus.winyourstar.com\/wp-content\/uploads\/2024\/04\/Logo-Shortways-uni-e1711115698186-lbox-400x300-ffffff.jpg\" alt=\"\">\n\t\t<\/div>\n\t\t\t<div class=\"item carousel-item\">\n\t\t\t<img decoding=\"async\" src=\"https:\/\/campus.winyourstar.com\/wp-content\/uploads\/2024\/04\/moulinex-logo-e1710942268885-lbox-400x300-ffffff.jpg\" alt=\"\">\n\t\t<\/div>\n\t\t\t<div class=\"item carousel-item\">\n\t\t\t<img decoding=\"async\" src=\"https:\/\/campus.winyourstar.com\/wp-content\/uploads\/2024\/04\/le-mans-universite-e1711115727664-lbox-400x300-ffffff.jpg\" alt=\"\">\n\t\t<\/div>\n\t\t\t<div class=\"item carousel-item\">\n\t\t\t<img decoding=\"async\" src=\"https:\/\/campus.winyourstar.com\/wp-content\/uploads\/2024\/04\/edf-logo-e1710942092221-lbox-400x300-ffffff.jpg\" alt=\"\">\n\t\t<\/div>\n\t\t\t<div class=\"item carousel-item\">\n\t\t\t<img decoding=\"async\" src=\"https:\/\/campus.winyourstar.com\/wp-content\/uploads\/2024\/04\/breger-1-lbox-400x300-ffffff.jpg\" alt=\"\">\n\t\t<\/div>\n\t\t\t<div class=\"item carousel-item\">\n\t\t\t<img decoding=\"async\" src=\"https:\/\/campus.winyourstar.com\/wp-content\/uploads\/2024\/04\/village-by-ca-e1711115672350-lbox-400x300-ffffff.jpg\" alt=\"\">\n\t\t<\/div>\n\t\t\t<div class=\"item carousel-item\">\n\t\t\t<img decoding=\"async\" src=\"https:\/\/campus.winyourstar.com\/wp-content\/uploads\/2024\/04\/service-remplacement-mayenne-lbox-400x300-ffffff.jpg\" alt=\"\">\n\t\t<\/div>\n\t\t\t<div class=\"item carousel-item\">\n\t\t\t<img decoding=\"async\" src=\"https:\/\/campus.winyourstar.com\/wp-content\/uploads\/2024\/04\/win-sport-school-e1710940089785-lbox-400x300-ffffff.jpg\" alt=\"\">\n\t\t<\/div>\n\t\t\t<div class=\"item carousel-item\">\n\t\t\t<img decoding=\"async\" src=\"https:\/\/campus.winyourstar.com\/wp-content\/uploads\/2024\/04\/ligue-pdl-tennis-table-e1711115948818-lbox-400x300-ffffff.jpg\" alt=\"\">\n\t\t<\/div>\n\t\t\t<div class=\"item carousel-item\">\n\t\t\t<img decoding=\"async\" src=\"https:\/\/campus.winyourstar.com\/wp-content\/uploads\/2024\/04\/laval-economie-lbox-400x300-ffffff.jpg\" alt=\"\">\n\t\t<\/div>\n\t\t\t<div class=\"item carousel-item\">\n\t\t\t<img decoding=\"async\" src=\"https:\/\/campus.winyourstar.com\/wp-content\/uploads\/2024\/04\/creps-lbox-400x300-ffffff.jpg\" alt=\"\">\n\t\t<\/div>\n\t\t\t<div class=\"item carousel-item\">\n\t\t\t<img decoding=\"async\" src=\"https:\/\/campus.winyourstar.com\/wp-content\/uploads\/2024\/04\/logo-vb-mayenne-lbox-400x300-ffffff.jpg\" alt=\"\">\n\t\t<\/div>\n\t\t\t<div class=\"item carousel-item\">\n\t\t\t<img decoding=\"async\" src=\"https:\/\/campus.winyourstar.com\/wp-content\/uploads\/2024\/04\/1024px-estaca-ecole-dingenieurs-logosvg-e1711115742367-lbox-400x300-ffffff.jpg\" alt=\"\">\n\t\t<\/div>\n\t\t\t<div class=\"item carousel-item\">\n\t\t\t<img decoding=\"async\" src=\"https:\/\/campus.winyourstar.com\/wp-content\/uploads\/2024\/04\/logo-cp-jpeg-e1711115930180-lbox-400x300-ffffff.jpg\" alt=\"\">\n\t\t<\/div>\n\t\t\t<div class=\"item carousel-item\">\n\t\t\t<img decoding=\"async\" src=\"https:\/\/campus.winyourstar.com\/wp-content\/uploads\/2024\/04\/logo-adf-e1711115917146-lbox-400x300-ffffff.jpg\" alt=\"\">\n\t\t<\/div>\n\t\t\t<div class=\"item carousel-item\">\n\t\t\t<img decoding=\"async\" src=\"https:\/\/campus.winyourstar.com\/wp-content\/uploads\/2024\/04\/2-logo-principal-intuis-rvb-horizontal-couleurs-blanc-1-e1711115711892-lbox-400x300-ffffff.jpg\" alt=\"\">\n\t\t<\/div>\n\t\t\t<div class=\"item carousel-item\">\n\t\t\t<img decoding=\"async\" src=\"https:\/\/campus.winyourstar.com\/wp-content\/uploads\/2024\/04\/urma-lbox-400x300-ffffff.jpg\" alt=\"\">\n\t\t<\/div>\n\t\t\t<div class=\"item carousel-item\">\n\t\t\t<img decoding=\"async\" src=\"https:\/\/campus.winyourstar.com\/wp-content\/uploads\/2024\/04\/le2m-lbox-400x300-ffffff.jpg\" alt=\"\">\n\t\t<\/div>\n\t\t\t<div class=\"item carousel-item\">\n\t\t\t<img decoding=\"async\" src=\"https:\/\/campus.winyourstar.com\/wp-content\/uploads\/2024\/04\/le-mans-universite-e1711115727664-1-lbox-400x300-ffffff.jpg\" alt=\"\">\n\t\t<\/div>\n\t\t\t<div class=\"item carousel-item\">\n\t\t\t<img decoding=\"async\" src=\"https:\/\/campus.winyourstar.com\/wp-content\/uploads\/2024\/04\/unsa-e1711115757208-lbox-400x300-ffffff.jpg\" alt=\"\">\n\t\t<\/div>\n\t\t\t<div class=\"item carousel-item\">\n\t\t\t<img decoding=\"async\" src=\"https:\/\/campus.winyourstar.com\/wp-content\/uploads\/2024\/04\/ff-handball-e1711115436782-1-lbox-400x300-ffffff.jpg\" alt=\"\">\n\t\t<\/div>\n\t\t\t<div class=\"item carousel-item\">\n\t\t\t<img decoding=\"async\" src=\"https:\/\/campus.winyourstar.com\/wp-content\/uploads\/2024\/04\/logo-chateau-gontier-lbox-400x300-ffffff.jpg\" alt=\"\">\n\t\t<\/div>\n\t\t\t<div class=\"item carousel-item\">\n\t\t\t<img decoding=\"async\" src=\"https:\/\/campus.winyourstar.com\/wp-content\/uploads\/2024\/04\/tremblay-handball-e1711115775313-lbox-400x300-ffffff.jpg\" alt=\"\">\n\t\t<\/div>\n\t\t\t<div class=\"item carousel-item\">\n\t\t\t<img decoding=\"async\" src=\"https:\/\/campus.winyourstar.com\/wp-content\/uploads\/2024\/04\/silence-e1711115794767-lbox-400x300-ffffff.jpg\" alt=\"\">\n\t\t<\/div>\n\t\t\t<div class=\"item carousel-item\">\n\t\t\t<img decoding=\"async\" src=\"https:\/\/campus.winyourstar.com\/wp-content\/uploads\/2024\/04\/lofae-e1711115821718-lbox-400x300-ffffff.jpg\" alt=\"\">\n\t\t<\/div>\n\t\t\t<div class=\"item carousel-item\">\n\t\t\t<img decoding=\"async\" src=\"https:\/\/campus.winyourstar.com\/wp-content\/uploads\/2024\/04\/ligue-pdl-rugby2019svg-e1711115831869-lbox-400x300-ffffff.jpg\" alt=\"\">\n\t\t<\/div>\n\t\t\t<div class=\"item carousel-item\">\n\t\t\t<img decoding=\"async\" src=\"https:\/\/campus.winyourstar.com\/wp-content\/uploads\/2024\/04\/egc-lemans-lbox-400x300-ffffff.jpg\" alt=\"\">\n\t\t<\/div>\n\t\t\t<div class=\"item carousel-item\">\n\t\t\t<img decoding=\"async\" src=\"https:\/\/campus.winyourstar.com\/wp-content\/uploads\/2024\/04\/Cosmetiques_Exotiques-e1711115989374-lbox-400x300-ffffff.jpg\" alt=\"\">\n\t\t<\/div>\n\t\t\t<div class=\"item carousel-item\">\n\t\t\t<img decoding=\"async\" src=\"https:\/\/campus.winyourstar.com\/wp-content\/uploads\/2024\/04\/images-lbox-400x300-ffffff.jpg\" alt=\"\">\n\t\t<\/div>\n\t\t\t<div class=\"item carousel-item\">\n\t\t\t<img decoding=\"async\" src=\"https:\/\/campus.winyourstar.com\/wp-content\/uploads\/2024\/10\/logo-mysantelab-lbox-400x300-ffffff.jpg\" alt=\"\">\n\t\t<\/div>\n\t\t\t<div class=\"item carousel-item\">\n\t\t\t<img decoding=\"async\" src=\"https:\/\/campus.winyourstar.com\/wp-content\/uploads\/2024\/10\/logoecglemans-lbox-400x300-ffffff.jpg\" alt=\"\">\n\t\t<\/div>\n\t\t\t<div class=\"item carousel-item\">\n\t\t\t<img decoding=\"async\" src=\"https:\/\/campus.winyourstar.com\/wp-content\/uploads\/2024\/10\/logo-cjd-social-lbox-400x300-ffffff.jpg\" alt=\"\">\n\t\t<\/div>\n\t\t\t<div class=\"item carousel-item\">\n\t\t\t<img decoding=\"async\" src=\"https:\/\/campus.winyourstar.com\/wp-content\/uploads\/2024\/10\/esup-logo-300-lbox-400x300-ffffff.jpg\" alt=\"\">\n\t\t<\/div>\n\t\t\t<div class=\"item carousel-item\">\n\t\t\t<img decoding=\"async\" src=\"https:\/\/campus.winyourstar.com\/wp-content\/uploads\/2024\/10\/delestre-logo-couleur-scaled-1-lbox-400x300-ffffff.jpg\" alt=\"\">\n\t\t<\/div>\n\t<\/div>\n\n<div style=\"height:49px\" aria-hidden=\"true\" class=\"wp-block-spacer\"><\/div>\n\n<h2 class=\"wp-block-heading has-text-align-center has-title-lg-font-size\"><\/h2>\n<div class=\"block-separator\">\n    <img decoding=\"async\" src=\"https:\/\/campus.winyourstar.com\/wp-content\/themes\/theme-newwinyourstar\/dist\/images\/star_blue.svg\">\n<\/div>\n<div style=\"height:50px\" aria-hidden=\"true\" class=\"wp-block-spacer\"><\/div>\n\n<h2 class=\"wp-block-heading has-text-align-center has-title-lg-font-size\">news and articles<\/h2>\n<div class=\"block-underline\">\n    <img decoding=\"async\" src=\"https:\/\/campus.winyourstar.com\/wp-content\/themes\/theme-newwinyourstar\/dist\/images\/line_md_blue.svg\">\n<\/div>\n<div style=\"height:51px\" aria-hidden=\"true\" class=\"wp-block-spacer\"><\/div>\n<div class=\"archive-result row justify-content-center\">\n            <div class=\"col-md-4\">\n            <div class=\"block-card\">\n        <a href=\"https:\/\/campus.winyourstar.com\/profil-8-enneagramme-analyse-de-la-serie-double-piege\/\">\n            <figure>\n                <img decoding=\"async\" class=\"card-image\" src=\"https:\/\/campus.winyourstar.com\/wp-content\/uploads\/2024\/03\/double-piege-365x210-c-default.jpg\" alt=\"\">\n            <\/figure>\n        <\/a>\n        <div class=\"block-card-content has-white-background-color\">\n            <span class=\"d-block has-title-sm-font-size\"><\/span>\n            <span class=\"d-block has-little-cap-font-size has-yellow-color card-blog-cat\">Profils Enneagramme<\/span>\n\n            <a href=\"https:\/\/campus.winyourstar.com\/profil-8-enneagramme-analyse-de-la-serie-double-piege\/\">\n                <h2 class=\"d-block has-title-sm-font-size has-blue-color\">Profil 8 Enn\u00e9agramme\u202f: analyse de la s\u00e9rie &#8220;Double Pi\u00e8ge&#8221;<\/h2>\n            <\/a>\n            <time class=\"card-blog-date has-grey-color\" datetime=\"2024-03-25\">25 March 2024<\/time>\n            <p class=\"has-blue-color has-text-lg-font-size\">D\u00e9couvrir sa personnalit\u00e9\u00a0: l\u2019exemple de Maya Stern, h\u00e9ro\u00efne de la s\u00e9rie \u00ab\u202fDouble pi\u00e8ge\u202f\u00bb<\/p>\n        <\/div>\n<\/div>\n        <\/div>\n            <div class=\"col-md-4\">\n            <div class=\"block-card\">\n        <a href=\"https:\/\/campus.winyourstar.com\/profil-1-enneagramme-analyse-du-film-un-coup-de-des\/\">\n            <figure>\n                <img decoding=\"async\" class=\"card-image\" src=\"https:\/\/campus.winyourstar.com\/wp-content\/uploads\/2024\/02\/image-2845441-20240131-ob-c7da12-atall-02-resultat-365x210-c-default.jpg\" alt=\"\">\n            <\/figure>\n        <\/a>\n        <div class=\"block-card-content has-white-background-color\">\n            <span class=\"d-block has-title-sm-font-size\"><\/span>\n            <span class=\"d-block has-little-cap-font-size has-yellow-color card-blog-cat\">Profils Enneagramme<\/span>\n\n            <a href=\"https:\/\/campus.winyourstar.com\/profil-1-enneagramme-analyse-du-film-un-coup-de-des\/\">\n                <h2 class=\"d-block has-title-sm-font-size has-blue-color\">Profil 1 Enn\u00e9agramme : analyse du film \u201cUn Coup de D\u00e9s\u201d<\/h2>\n            <\/a>\n            <time class=\"card-blog-date has-grey-color\" datetime=\"2024-02-19\">19 February 2024<\/time>\n            <p class=\"has-blue-color has-text-lg-font-size\">D\u00e9couvrir sa personnalit\u00e9\u00a0: l\u2019exemple de Mathieu, personnage principale d&#8217; \u00abUn coup de d\u00e9s\u00bb<\/p>\n        <\/div>\n<\/div>\n        <\/div>\n    <\/div>\n<div style=\"height:50px\" aria-hidden=\"true\" class=\"wp-block-spacer\"><\/div>\n\n<div class=\"wp-block-columns is-layout-flex wp-container-core-columns-is-layout-2 wp-block-columns-is-layout-flex\">\n<div class=\"wp-block-column is-layout-flow wp-block-column-is-layout-flow\">    <div class=\"block_button block_button--important align\">\n                    <a class=\"block_button-link\" href=\"https:\/\/winyourstar.com\/confirmez-votre-profil\/\" target=\"\">Discover your personality profile<\/a>\n            <\/div>\n<\/div>\n<\/div>\n\n<p><\/p>\n","protected":false},"excerpt":{"rendered":"<p>Welcome to the Win Your Star community ! We are professionals in support and guidance. Our areas of expertise are: We have created and use a 9-question method that allows individuals to discover their Enneagram personality profile. 57 Facilitators 4 500 USERS OF THE GAME 100% OF OUR CLIENTS RECOMMEND US They trusted us news [&hellip;]<\/p>\n","protected":false},"author":1,"featured_media":1943,"parent":0,"menu_order":0,"comment_status":"closed","ping_status":"closed","template":"","meta":{"footnotes":""},"folder":[],"class_list":["post-1977","page","type-page","status-publish","has-post-thumbnail","hentry"],"acf":[],"yoast_head":"<!-- This site is optimized with the Yoast SEO plugin v24.5 - https:\/\/yoast.com\/wordpress\/plugins\/seo\/ -->\n<title>Home - WinYourStar - R\u00e9seau<\/title>\n<meta name=\"description\" content=\"Looking for a european community of professional coaches? Win Your Star offers you the opportunity to adopt a single, unified method!\" \/>\n<meta name=\"robots\" content=\"index, follow, max-snippet:-1, max-image-preview:large, max-video-preview:-1\" \/>\n<link rel=\"canonical\" href=\"https:\/\/campus.winyourstar.com\/en\/\" \/>\n<meta property=\"og:locale\" content=\"en_US\" \/>\n<meta property=\"og:type\" content=\"article\" \/>\n<meta property=\"og:title\" content=\"Home - WinYourStar - R\u00e9seau\" \/>\n<meta property=\"og:description\" content=\"Looking for a european community of professional coaches? Win Your Star offers you the opportunity to adopt a single, unified method!\" \/>\n<meta property=\"og:url\" content=\"https:\/\/campus.winyourstar.com\/en\/\" \/>\n<meta property=\"og:site_name\" content=\"WinYourStar - R\u00e9seau\" \/>\n<meta property=\"article:modified_time\" content=\"2025-06-16T08:12:41+00:00\" \/>\n<meta property=\"og:image\" content=\"https:\/\/campus.winyourstar.com\/wp-content\/uploads\/2025\/02\/cropped-logo-reseau-1-1.png\" \/>\n\t<meta property=\"og:image:width\" content=\"512\" \/>\n\t<meta property=\"og:image:height\" content=\"512\" \/>\n\t<meta property=\"og:image:type\" content=\"image\/png\" \/>\n<meta name=\"twitter:card\" content=\"summary_large_image\" \/>\n<script type=\"application\/ld+json\" class=\"yoast-schema-graph\">{\"@context\":\"https:\/\/schema.org\",\"@graph\":[{\"@type\":\"WebPage\",\"@id\":\"https:\/\/campus.winyourstar.com\/en\/\",\"url\":\"https:\/\/campus.winyourstar.com\/en\/\",\"name\":\"Home - WinYourStar - R\u00e9seau\",\"isPartOf\":{\"@id\":\"https:\/\/campus.winyourstar.com\/en\/#website\"},\"primaryImageOfPage\":{\"@id\":\"https:\/\/campus.winyourstar.com\/en\/#primaryimage\"},\"image\":{\"@id\":\"https:\/\/campus.winyourstar.com\/en\/#primaryimage\"},\"thumbnailUrl\":\"https:\/\/campus.winyourstar.com\/wp-content\/uploads\/2025\/02\/cropped-logo-reseau-1-1.png\",\"datePublished\":\"2024-01-26T10:48:51+00:00\",\"dateModified\":\"2025-06-16T08:12:41+00:00\",\"description\":\"Looking for a european community of professional coaches? Win Your Star offers you the opportunity to adopt a single, unified method!\",\"breadcrumb\":{\"@id\":\"https:\/\/campus.winyourstar.com\/en\/#breadcrumb\"},\"inLanguage\":\"en-US\",\"potentialAction\":[{\"@type\":\"ReadAction\",\"target\":[\"https:\/\/campus.winyourstar.com\/en\/\"]}]},{\"@type\":\"ImageObject\",\"inLanguage\":\"en-US\",\"@id\":\"https:\/\/campus.winyourstar.com\/en\/#primaryimage\",\"url\":\"https:\/\/campus.winyourstar.com\/wp-content\/uploads\/2025\/02\/cropped-logo-reseau-1-1.png\",\"contentUrl\":\"https:\/\/campus.winyourstar.com\/wp-content\/uploads\/2025\/02\/cropped-logo-reseau-1-1.png\",\"width\":512,\"height\":512},{\"@type\":\"BreadcrumbList\",\"@id\":\"https:\/\/campus.winyourstar.com\/en\/#breadcrumb\",\"itemListElement\":[{\"@type\":\"ListItem\",\"position\":1,\"name\":\"Accueil\",\"item\":\"https:\/\/campus.winyourstar.com\/en\/\"},{\"@type\":\"ListItem\",\"position\":2,\"name\":\"Home\"}]},{\"@type\":\"WebSite\",\"@id\":\"https:\/\/campus.winyourstar.com\/en\/#website\",\"url\":\"https:\/\/campus.winyourstar.com\/en\/\",\"name\":\"WinYourStar - R\u00e9seau\",\"description\":\"\",\"potentialAction\":[{\"@type\":\"SearchAction\",\"target\":{\"@type\":\"EntryPoint\",\"urlTemplate\":\"https:\/\/campus.winyourstar.com\/en\/?s={search_term_string}\"},\"query-input\":{\"@type\":\"PropertyValueSpecification\",\"valueRequired\":true,\"valueName\":\"search_term_string\"}}],\"inLanguage\":\"en-US\"}]}<\/script>\n<!-- \/ Yoast SEO plugin. -->","yoast_head_json":{"title":"Home - WinYourStar - R\u00e9seau","description":"Looking for a european community of professional coaches? Win Your Star offers you the opportunity to adopt a single, unified method!","robots":{"index":"index","follow":"follow","max-snippet":"max-snippet:-1","max-image-preview":"max-image-preview:large","max-video-preview":"max-video-preview:-1"},"canonical":"https:\/\/campus.winyourstar.com\/en\/","og_locale":"en_US","og_type":"article","og_title":"Home - WinYourStar - R\u00e9seau","og_description":"Looking for a european community of professional coaches? Win Your Star offers you the opportunity to adopt a single, unified method!","og_url":"https:\/\/campus.winyourstar.com\/en\/","og_site_name":"WinYourStar - R\u00e9seau","article_modified_time":"2025-06-16T08:12:41+00:00","og_image":[{"width":512,"height":512,"url":"https:\/\/campus.winyourstar.com\/wp-content\/uploads\/2025\/02\/cropped-logo-reseau-1-1.png","type":"image\/png"}],"twitter_card":"summary_large_image","schema":{"@context":"https:\/\/schema.org","@graph":[{"@type":"WebPage","@id":"https:\/\/campus.winyourstar.com\/en\/","url":"https:\/\/campus.winyourstar.com\/en\/","name":"Home - WinYourStar - R\u00e9seau","isPartOf":{"@id":"https:\/\/campus.winyourstar.com\/en\/#website"},"primaryImageOfPage":{"@id":"https:\/\/campus.winyourstar.com\/en\/#primaryimage"},"image":{"@id":"https:\/\/campus.winyourstar.com\/en\/#primaryimage"},"thumbnailUrl":"https:\/\/campus.winyourstar.com\/wp-content\/uploads\/2025\/02\/cropped-logo-reseau-1-1.png","datePublished":"2024-01-26T10:48:51+00:00","dateModified":"2025-06-16T08:12:41+00:00","description":"Looking for a european community of professional coaches? Win Your Star offers you the opportunity to adopt a single, unified method!","breadcrumb":{"@id":"https:\/\/campus.winyourstar.com\/en\/#breadcrumb"},"inLanguage":"en-US","potentialAction":[{"@type":"ReadAction","target":["https:\/\/campus.winyourstar.com\/en\/"]}]},{"@type":"ImageObject","inLanguage":"en-US","@id":"https:\/\/campus.winyourstar.com\/en\/#primaryimage","url":"https:\/\/campus.winyourstar.com\/wp-content\/uploads\/2025\/02\/cropped-logo-reseau-1-1.png","contentUrl":"https:\/\/campus.winyourstar.com\/wp-content\/uploads\/2025\/02\/cropped-logo-reseau-1-1.png","width":512,"height":512},{"@type":"BreadcrumbList","@id":"https:\/\/campus.winyourstar.com\/en\/#breadcrumb","itemListElement":[{"@type":"ListItem","position":1,"name":"Accueil","item":"https:\/\/campus.winyourstar.com\/en\/"},{"@type":"ListItem","position":2,"name":"Home"}]},{"@type":"WebSite","@id":"https:\/\/campus.winyourstar.com\/en\/#website","url":"https:\/\/campus.winyourstar.com\/en\/","name":"WinYourStar - R\u00e9seau","description":"","potentialAction":[{"@type":"SearchAction","target":{"@type":"EntryPoint","urlTemplate":"https:\/\/campus.winyourstar.com\/en\/?s={search_term_string}"},"query-input":{"@type":"PropertyValueSpecification","valueRequired":true,"valueName":"search_term_string"}}],"inLanguage":"en-US"}]}},"_links":{"self":[{"href":"https:\/\/campus.winyourstar.com\/en\/wp-json\/wp\/v2\/pages\/1977","targetHints":{"allow":["GET"]}}],"collection":[{"href":"https:\/\/campus.winyourstar.com\/en\/wp-json\/wp\/v2\/pages"}],"about":[{"href":"https:\/\/campus.winyourstar.com\/en\/wp-json\/wp\/v2\/types\/page"}],"author":[{"embeddable":true,"href":"https:\/\/campus.winyourstar.com\/en\/wp-json\/wp\/v2\/users\/1"}],"replies":[{"embeddable":true,"href":"https:\/\/campus.winyourstar.com\/en\/wp-json\/wp\/v2\/comments?post=1977"}],"version-history":[{"count":5,"href":"https:\/\/campus.winyourstar.com\/en\/wp-json\/wp\/v2\/pages\/1977\/revisions"}],"predecessor-version":[{"id":2107,"href":"https:\/\/campus.winyourstar.com\/en\/wp-json\/wp\/v2\/pages\/1977\/revisions\/2107"}],"wp:featuredmedia":[{"embeddable":true,"href":"https:\/\/campus.winyourstar.com\/en\/wp-json\/wp\/v2\/media\/1943"}],"wp:attachment":[{"href":"https:\/\/campus.winyourstar.com\/en\/wp-json\/wp\/v2\/media?parent=1977"}],"wp:term":[{"taxonomy":"folder","embeddable":true,"href":"https:\/\/campus.winyourstar.com\/en\/wp-json\/wp\/v2\/folder?post=1977"}],"curies":[{"name":"wp","href":"https:\/\/api.w.org\/{rel}","templated":true}]}}